{"id":8971,"date":"2024-05-16T12:33:07","date_gmt":"2024-05-16T12:33:07","guid":{"rendered":"https:\/\/goinsitu.com\/uncategorized\/granja-caprina-en-sierra-de-las-nieves\/"},"modified":"2024-12-12T08:39:24","modified_gmt":"2024-12-12T08:39:24","slug":"granja-caprina-en-sierra-de-las-nieves","status":"publish","type":"product","link":"https:\/\/goinsitu.com\/en\/agrotourism\/visit-farms\/granja-caprina-en-sierra-de-las-nieves\/","title":{"rendered":"Granja caprina en Sierra de las Nieves"},"content":{"rendered":"<p>\u00bfSab\u00edas que en la Sierra de las Nieves vive el doble del abuelito de Heidi? Cuida a sus cabritas al pie de la Sierra de las Nieves, en uno de los pueblos m\u00e1s bonitos de la serran\u00eda, Tolox.<\/p>\n<p style=\"text-align: center;\">***<\/p>\n<p>En esta ma\u00f1ana compartida con el cabrero y sus cabritas de raza Malague\u00f1a se aprenden muchas curiosidades del mundo caprino y del trabajo de pastor, ya que Juan desciende de familia de pastores, siendo ya sus padres &#8220;pitarreros&#8221; o peque\u00f1os ganaderos de autoconsumo. En el corral de Juan se comienza con el orde\u00f1o ma\u00f1anero en el que podr\u00e9is participar, para despu\u00e9s\u00a0 ir al corral donde ver de cerca a sus cabritas.<\/p>\n<p>Este simp\u00e1tico ganadero muestra c\u00f3mo llama a su ganado a trav\u00e9s del silbido y c\u00f3mo se realiza la gesti\u00f3n diaria de sus animales a los quetrata con mucho mimo. Como experto quesero cuenta c\u00f3mo se hac\u00eda de forma artesanal el queso con entremijos y pleitas, tal y como \u00e9l y su familia lo siguen haciendo en casa. Muy interesante resulta tambi\u00e9n el uso de artilugios como la honda para dirigir al ganado y los cencerros.<\/p>\n<p>Es una experiencia muy completa y aut\u00e9ntica que te acerca a la cultura andaluza rural en el bell\u00edsimo entorno del Parque Nacional y Reserva de la Biosfera de la Sierra de las Nieves.<\/p>\n<p>*El precio de la Experiencia es para un m\u00ednimo de 8 personas<\/p>\n","protected":false},"excerpt":{"rendered":"<p>\u00bfSab\u00edas que en la Sierra de las Nieves vive el doble del abuelito de Heidi? Cuida a sus cabritas al pie de la  [&#8230;]<\/p>\n","protected":false},"featured_media":8434,"comment_status":"closed","ping_status":"closed","template":"","meta":{"_acf_changed":false,"_mbp_gutenberg_autopost":false},"product_brand":[],"product_cat":[124,566],"product_tag":[645],"giftcard-category":[],"class_list":{"0":"post-8971","1":"product","2":"type-product","3":"status-publish","4":"has-post-thumbnail","6":"product_cat-agrotourism","7":"product_cat-visit-farms","8":"product_tag-malaga-en","9":"yith_shop_vendor-goinsitu-en","11":"first","12":"instock","13":"virtual","14":"sold-individually","15":"taxable","16":"purchasable","17":"product-type-booking"},"acf":[],"yoast_head":"<!-- This site is optimized with the Yoast SEO plugin v27.5 - https:\/\/yoast.com\/product\/yoast-seo-wordpress\/ -->\n<title>Granja caprina en Sierra de las Nieves - GOinsitu<\/title>\n<meta name=\"robots\" content=\"index, follow, max-snippet:-1, max-image-preview:large, max-video-preview:-1\" \/>\n<link rel=\"canonical\" href=\"https:\/\/goinsitu.com\/en\/agrotourism\/visit-farms\/granja-caprina-en-sierra-de-las-nieves\/\" \/>\n<meta property=\"og:locale\" content=\"en_US\" \/>\n<meta property=\"og:type\" content=\"article\" \/>\n<meta property=\"og:title\" content=\"Granja caprina en Sierra de las Nieves - GOinsitu\" \/>\n<meta property=\"og:description\" content=\"\u00bfSab\u00edas que en la Sierra de las Nieves vive el doble del abuelito de Heidi? Cuida a sus cabritas al pie de la [...]\" \/>\n<meta property=\"og:url\" content=\"https:\/\/goinsitu.com\/en\/agrotourism\/visit-farms\/granja-caprina-en-sierra-de-las-nieves\/\" \/>\n<meta property=\"og:site_name\" content=\"GOinsitu\" \/>\n<meta property=\"article:modified_time\" content=\"2024-12-12T08:39:24+00:00\" \/>\n<meta property=\"og:image\" content=\"https:\/\/goinsitu.com\/wp-content\/uploads\/2024\/02\/p1140421-scaled.jpg\" \/>\n\t<meta property=\"og:image:width\" content=\"2560\" \/>\n\t<meta property=\"og:image:height\" content=\"1707\" \/>\n\t<meta property=\"og:image:type\" content=\"image\/jpeg\" \/>\n<meta name=\"twitter:label1\" content=\"Est. reading time\" \/>\n\t<meta name=\"twitter:data1\" content=\"2 minutes\" \/>\n<script type=\"application\/ld+json\" class=\"yoast-schema-graph\">{\"@context\":\"https:\\\/\\\/schema.org\",\"@graph\":[{\"@type\":\"WebPage\",\"@id\":\"https:\\\/\\\/goinsitu.com\\\/en\\\/agrotourism\\\/visit-farms\\\/granja-caprina-en-sierra-de-las-nieves\\\/\",\"url\":\"https:\\\/\\\/goinsitu.com\\\/en\\\/agrotourism\\\/visit-farms\\\/granja-caprina-en-sierra-de-las-nieves\\\/\",\"name\":\"Granja caprina en Sierra de las Nieves - GOinsitu\",\"isPartOf\":{\"@id\":\"https:\\\/\\\/goinsitu.com\\\/#website\"},\"primaryImageOfPage\":{\"@id\":\"https:\\\/\\\/goinsitu.com\\\/en\\\/agrotourism\\\/visit-farms\\\/granja-caprina-en-sierra-de-las-nieves\\\/#primaryimage\"},\"image\":{\"@id\":\"https:\\\/\\\/goinsitu.com\\\/en\\\/agrotourism\\\/visit-farms\\\/granja-caprina-en-sierra-de-las-nieves\\\/#primaryimage\"},\"thumbnailUrl\":\"https:\\\/\\\/goinsitu.com\\\/wp-content\\\/uploads\\\/2024\\\/02\\\/p1140421-scaled.jpg\",\"datePublished\":\"2024-05-16T12:33:07+00:00\",\"dateModified\":\"2024-12-12T08:39:24+00:00\",\"breadcrumb\":{\"@id\":\"https:\\\/\\\/goinsitu.com\\\/en\\\/agrotourism\\\/visit-farms\\\/granja-caprina-en-sierra-de-las-nieves\\\/#breadcrumb\"},\"inLanguage\":\"en-US\",\"potentialAction\":[{\"@type\":\"ReadAction\",\"target\":[\"https:\\\/\\\/goinsitu.com\\\/en\\\/agrotourism\\\/visit-farms\\\/granja-caprina-en-sierra-de-las-nieves\\\/\"]}]},{\"@type\":\"ImageObject\",\"inLanguage\":\"en-US\",\"@id\":\"https:\\\/\\\/goinsitu.com\\\/en\\\/agrotourism\\\/visit-farms\\\/granja-caprina-en-sierra-de-las-nieves\\\/#primaryimage\",\"url\":\"https:\\\/\\\/goinsitu.com\\\/wp-content\\\/uploads\\\/2024\\\/02\\\/p1140421-scaled.jpg\",\"contentUrl\":\"https:\\\/\\\/goinsitu.com\\\/wp-content\\\/uploads\\\/2024\\\/02\\\/p1140421-scaled.jpg\",\"width\":2560,\"height\":1707},{\"@type\":\"BreadcrumbList\",\"@id\":\"https:\\\/\\\/goinsitu.com\\\/en\\\/agrotourism\\\/visit-farms\\\/granja-caprina-en-sierra-de-las-nieves\\\/#breadcrumb\",\"itemListElement\":[{\"@type\":\"ListItem\",\"position\":1,\"name\":\"Inicio\",\"item\":\"https:\\\/\\\/goinsitu.com\\\/en\\\/\"},{\"@type\":\"ListItem\",\"position\":2,\"name\":\"Experiences\",\"item\":\"https:\\\/\\\/goinsitu.com\\\/en\\\/experiences\\\/\"},{\"@type\":\"ListItem\",\"position\":3,\"name\":\"Agrotourism\",\"item\":\"https:\\\/\\\/goinsitu.com\\\/en\\\/agrotourism\\\/\"},{\"@type\":\"ListItem\",\"position\":4,\"name\":\"Visit farms and sheperds\",\"item\":\"https:\\\/\\\/goinsitu.com\\\/en\\\/agrotourism\\\/visit-farms\\\/\"},{\"@type\":\"ListItem\",\"position\":5,\"name\":\"Granja caprina en Sierra de las Nieves\"}]},{\"@type\":\"WebSite\",\"@id\":\"https:\\\/\\\/goinsitu.com\\\/#website\",\"url\":\"https:\\\/\\\/goinsitu.com\\\/\",\"name\":\"GOinsitu \u2013 Agroturismo y Ecoturismo en Andaluc\u00eda\",\"description\":\"Agroturismo y Ecoturismo en Andaluc\u00eda\",\"publisher\":{\"@id\":\"https:\\\/\\\/goinsitu.com\\\/#organization\"},\"alternateName\":\"Goinsitu - Experiencias y productos rurales\",\"potentialAction\":[{\"@type\":\"SearchAction\",\"target\":{\"@type\":\"EntryPoint\",\"urlTemplate\":\"https:\\\/\\\/goinsitu.com\\\/?s={search_term_string}\"},\"query-input\":{\"@type\":\"PropertyValueSpecification\",\"valueRequired\":true,\"valueName\":\"search_term_string\"}}],\"inLanguage\":\"en-US\"},{\"@type\":\"Organization\",\"@id\":\"https:\\\/\\\/goinsitu.com\\\/#organization\",\"name\":\"GOinsitu - experience the roots\",\"url\":\"https:\\\/\\\/goinsitu.com\\\/\",\"logo\":{\"@type\":\"ImageObject\",\"inLanguage\":\"en-US\",\"@id\":\"https:\\\/\\\/goinsitu.com\\\/#\\\/schema\\\/logo\\\/image\\\/\",\"url\":\"https:\\\/\\\/goinsitu.com\\\/wp-content\\\/uploads\\\/2022\\\/01\\\/logo-social.jpg\",\"contentUrl\":\"https:\\\/\\\/goinsitu.com\\\/wp-content\\\/uploads\\\/2022\\\/01\\\/logo-social.jpg\",\"width\":288,\"height\":101,\"caption\":\"GOinsitu - experience the roots\"},\"image\":{\"@id\":\"https:\\\/\\\/goinsitu.com\\\/#\\\/schema\\\/logo\\\/image\\\/\"}}]}<\/script>\n<!-- \/ Yoast SEO plugin. -->","yoast_head_json":{"title":"Granja caprina en Sierra de las Nieves - GOinsitu","robots":{"index":"index","follow":"follow","max-snippet":"max-snippet:-1","max-image-preview":"max-image-preview:large","max-video-preview":"max-video-preview:-1"},"canonical":"https:\/\/goinsitu.com\/en\/agrotourism\/visit-farms\/granja-caprina-en-sierra-de-las-nieves\/","og_locale":"en_US","og_type":"article","og_title":"Granja caprina en Sierra de las Nieves - GOinsitu","og_description":"\u00bfSab\u00edas que en la Sierra de las Nieves vive el doble del abuelito de Heidi? Cuida a sus cabritas al pie de la [...]","og_url":"https:\/\/goinsitu.com\/en\/agrotourism\/visit-farms\/granja-caprina-en-sierra-de-las-nieves\/","og_site_name":"GOinsitu","article_modified_time":"2024-12-12T08:39:24+00:00","og_image":[{"width":2560,"height":1707,"url":"https:\/\/goinsitu.com\/wp-content\/uploads\/2024\/02\/p1140421-scaled.jpg","type":"image\/jpeg"}],"twitter_misc":{"Est. reading time":"2 minutes"},"schema":{"@context":"https:\/\/schema.org","@graph":[{"@type":"WebPage","@id":"https:\/\/goinsitu.com\/en\/agrotourism\/visit-farms\/granja-caprina-en-sierra-de-las-nieves\/","url":"https:\/\/goinsitu.com\/en\/agrotourism\/visit-farms\/granja-caprina-en-sierra-de-las-nieves\/","name":"Granja caprina en Sierra de las Nieves - GOinsitu","isPartOf":{"@id":"https:\/\/goinsitu.com\/#website"},"primaryImageOfPage":{"@id":"https:\/\/goinsitu.com\/en\/agrotourism\/visit-farms\/granja-caprina-en-sierra-de-las-nieves\/#primaryimage"},"image":{"@id":"https:\/\/goinsitu.com\/en\/agrotourism\/visit-farms\/granja-caprina-en-sierra-de-las-nieves\/#primaryimage"},"thumbnailUrl":"https:\/\/goinsitu.com\/wp-content\/uploads\/2024\/02\/p1140421-scaled.jpg","datePublished":"2024-05-16T12:33:07+00:00","dateModified":"2024-12-12T08:39:24+00:00","breadcrumb":{"@id":"https:\/\/goinsitu.com\/en\/agrotourism\/visit-farms\/granja-caprina-en-sierra-de-las-nieves\/#breadcrumb"},"inLanguage":"en-US","potentialAction":[{"@type":"ReadAction","target":["https:\/\/goinsitu.com\/en\/agrotourism\/visit-farms\/granja-caprina-en-sierra-de-las-nieves\/"]}]},{"@type":"ImageObject","inLanguage":"en-US","@id":"https:\/\/goinsitu.com\/en\/agrotourism\/visit-farms\/granja-caprina-en-sierra-de-las-nieves\/#primaryimage","url":"https:\/\/goinsitu.com\/wp-content\/uploads\/2024\/02\/p1140421-scaled.jpg","contentUrl":"https:\/\/goinsitu.com\/wp-content\/uploads\/2024\/02\/p1140421-scaled.jpg","width":2560,"height":1707},{"@type":"BreadcrumbList","@id":"https:\/\/goinsitu.com\/en\/agrotourism\/visit-farms\/granja-caprina-en-sierra-de-las-nieves\/#breadcrumb","itemListElement":[{"@type":"ListItem","position":1,"name":"Inicio","item":"https:\/\/goinsitu.com\/en\/"},{"@type":"ListItem","position":2,"name":"Experiences","item":"https:\/\/goinsitu.com\/en\/experiences\/"},{"@type":"ListItem","position":3,"name":"Agrotourism","item":"https:\/\/goinsitu.com\/en\/agrotourism\/"},{"@type":"ListItem","position":4,"name":"Visit farms and sheperds","item":"https:\/\/goinsitu.com\/en\/agrotourism\/visit-farms\/"},{"@type":"ListItem","position":5,"name":"Granja caprina en Sierra de las Nieves"}]},{"@type":"WebSite","@id":"https:\/\/goinsitu.com\/#website","url":"https:\/\/goinsitu.com\/","name":"GOinsitu \u2013 Agroturismo y Ecoturismo en Andaluc\u00eda","description":"Agroturismo y Ecoturismo en Andaluc\u00eda","publisher":{"@id":"https:\/\/goinsitu.com\/#organization"},"alternateName":"Goinsitu - Experiencias y productos rurales","potentialAction":[{"@type":"SearchAction","target":{"@type":"EntryPoint","urlTemplate":"https:\/\/goinsitu.com\/?s={search_term_string}"},"query-input":{"@type":"PropertyValueSpecification","valueRequired":true,"valueName":"search_term_string"}}],"inLanguage":"en-US"},{"@type":"Organization","@id":"https:\/\/goinsitu.com\/#organization","name":"GOinsitu - experience the roots","url":"https:\/\/goinsitu.com\/","logo":{"@type":"ImageObject","inLanguage":"en-US","@id":"https:\/\/goinsitu.com\/#\/schema\/logo\/image\/","url":"https:\/\/goinsitu.com\/wp-content\/uploads\/2022\/01\/logo-social.jpg","contentUrl":"https:\/\/goinsitu.com\/wp-content\/uploads\/2022\/01\/logo-social.jpg","width":288,"height":101,"caption":"GOinsitu - experience the roots"},"image":{"@id":"https:\/\/goinsitu.com\/#\/schema\/logo\/image\/"}}]}},"_links":{"self":[{"href":"https:\/\/goinsitu.com\/en\/wp-json\/wp\/v2\/product\/8971","targetHints":{"allow":["GET"]}}],"collection":[{"href":"https:\/\/goinsitu.com\/en\/wp-json\/wp\/v2\/product"}],"about":[{"href":"https:\/\/goinsitu.com\/en\/wp-json\/wp\/v2\/types\/product"}],"replies":[{"embeddable":true,"href":"https:\/\/goinsitu.com\/en\/wp-json\/wp\/v2\/comments?post=8971"}],"wp:featuredmedia":[{"embeddable":true,"href":"https:\/\/goinsitu.com\/en\/wp-json\/wp\/v2\/media\/8434"}],"wp:attachment":[{"href":"https:\/\/goinsitu.com\/en\/wp-json\/wp\/v2\/media?parent=8971"}],"wp:term":[{"taxonomy":"product_brand","embeddable":true,"href":"https:\/\/goinsitu.com\/en\/wp-json\/wp\/v2\/product_brand?post=8971"},{"taxonomy":"product_cat","embeddable":true,"href":"https:\/\/goinsitu.com\/en\/wp-json\/wp\/v2\/product_cat?post=8971"},{"taxonomy":"product_tag","embeddable":true,"href":"https:\/\/goinsitu.com\/en\/wp-json\/wp\/v2\/product_tag?post=8971"},{"taxonomy":"giftcard-category","embeddable":true,"href":"https:\/\/goinsitu.com\/en\/wp-json\/wp\/v2\/giftcard-category?post=8971"}],"curies":[{"name":"wp","href":"https:\/\/api.w.org\/{rel}","templated":true}]}}