{"id":9357,"date":"2022-02-27T23:23:41","date_gmt":"2022-02-27T23:23:41","guid":{"rendered":"https:\/\/goinsitu.com\/uncategorized\/ruta-trekking-soportujar-a-orgiva-foodtruck-experience\/"},"modified":"2025-11-21T06:41:07","modified_gmt":"2025-11-21T06:41:07","slug":"ruta-trekking-soportujar-a-orgiva-foodtruck-experience","status":"publish","type":"product","link":"https:\/\/goinsitu.com\/en\/active-ecotourism\/trekking\/trekking-wine-tasting\/ruta-trekking-soportujar-a-orgiva-foodtruck-experience\/","title":{"rendered":"&#8220;Enchanted Trekking&#8221; and Local Products Tasting"},"content":{"rendered":"<article class=\"group\/turn w-full text-token-text-primary focus-visible:outline-none\" dir=\"auto\" tabindex=\"-1\" data-testid=\"conversation-turn-42\" data-scroll-anchor=\"true\">\n<div class=\"text-base my-auto mx-auto py-5 px-6\">\n<div class=\"mx-auto flex flex-1 text-base gap-4 md:gap-5 lg:gap-6 md:max-w-3xl lg:max-w-[40rem] xl:max-w-[48rem]\">\n<div class=\"group\/conversation-turn relative flex w-full min-w-0 flex-col agent-turn @xs\/thread:px-0 @sm\/thread:px-1.5 @md\/thread:px-4\">\n<div class=\"relative flex-col gap-1 md:gap-3\">\n<div class=\"flex max-w-full flex-col flex-grow\">\n<div class=\"min-h-8 text-message relative flex w-full flex-col items-end gap-2 whitespace-normal break-words text-start [.text-message+&amp;]:mt-5\" dir=\"auto\" data-message-author-role=\"assistant\" data-message-id=\"3ed4207f-9bbf-44b2-9672-a868bc52ff8e\" data-message-model-slug=\"gpt-4o\">\n<div class=\"flex w-full flex-col gap-1 empty:hidden first:pt-[3px]\">\n<div class=\"markdown prose w-full break-words dark:prose-invert light\">\n<h2 data-start=\"0\" data-end=\"95\"><strong data-start=\"4\" data-end=\"93\">Trekking from Soport\u00fajar to \u00d3rgiva with a Final Tasting of Italian Artisanal Products<\/strong><\/h2>\n<p class=\"\" data-start=\"97\" data-end=\"409\">This beautiful <strong data-start=\"112\" data-end=\"141\">Alpujarras trekking route<\/strong> begins in <strong data-start=\"152\" data-end=\"166\">Soport\u00fajar<\/strong>, known as the <em data-start=\"181\" data-end=\"199\">Witches\u2019 Village<\/em>, where we can stroll through its streets filled with history and mysticism. As we progress, we will enjoy the stunning views of <strong data-start=\"328\" data-end=\"344\">La Alpujarra<\/strong>, immersing ourselves in a natural environment of great beauty.<\/p>\n<p class=\"\" data-start=\"411\" data-end=\"794\">From Soport\u00fajar, we will start a <strong data-start=\"444\" data-end=\"463\">gradual descent<\/strong> to reach the small and charming white village of <strong data-start=\"513\" data-end=\"527\">Carataunas<\/strong>, where we will take a short break to appreciate its peaceful atmosphere and rural charm. We will then continue the route towards <strong data-start=\"657\" data-end=\"667\">\u00d3rgiva<\/strong>, passing through a landscape of <strong data-start=\"700\" data-end=\"729\">centuries-old olive trees<\/strong>, witnesses of the region\u2019s deep-rooted agricultural tradition.<\/p>\n<p class=\"\" data-start=\"796\" data-end=\"1003\">The total distance of the route is <strong data-start=\"831\" data-end=\"840\">11 km<\/strong>, with a <strong data-start=\"849\" data-end=\"881\">500-meter negative elevation<\/strong>, making it a <strong data-start=\"895\" data-end=\"923\">low technical difficulty<\/strong> trek, ideal for those looking to enjoy hiking without major physical demands.<\/p>\n<p class=\"\" data-start=\"1005\" data-end=\"1174\">At the end of the trek, we will arrive at an <strong data-start=\"1050\" data-end=\"1073\">agroecological farm<\/strong>, where the <strong data-start=\"1085\" data-end=\"1106\">Abrida food truck<\/strong> will be waiting with a selection of delicious artisanal products.<\/p>\n<h3 data-start=\"1176\" data-end=\"1234\"><strong data-start=\"1180\" data-end=\"1232\">Artisanal Italian Gastronomy in a Social Project<\/strong><\/h3>\n<p class=\"\" data-start=\"1236\" data-end=\"1445\">The <strong data-start=\"1240\" data-end=\"1287\">Abrida gastronomic and artistic association<\/strong> offers a unique experience that combines a connection with nature, a visit to an <strong data-start=\"1369\" data-end=\"1394\">agroecological garden<\/strong>, and a <strong data-start=\"1402\" data-end=\"1442\">tasting of authentic Italian cuisine<\/strong>.<\/p>\n<p class=\"\" data-start=\"1447\" data-end=\"1665\">This project has a strong <strong data-start=\"1473\" data-end=\"1490\">social impact<\/strong>, as young people from the <strong data-start=\"1517\" data-end=\"1540\">\u00d3rgiva Youth Center<\/strong> are responsible for managing the garden and selling its produce, allowing them to showcase their work and gain visibility.<\/p>\n<h4 data-start=\"1667\" data-end=\"1689\"><strong data-start=\"1671\" data-end=\"1687\">Tasting Menu<\/strong><\/h4>\n<p class=\"\" data-start=\"1691\" data-end=\"1711\">The menu includes:<\/p>\n<ul data-start=\"1713\" data-end=\"1921\">\n<li class=\"\" data-start=\"1713\" data-end=\"1770\">\n<p class=\"\" data-start=\"1715\" data-end=\"1770\"><strong data-start=\"1715\" data-end=\"1747\">Tasting of organic olive oil<\/strong> with artisanal bread<\/p>\n<\/li>\n<li class=\"\" data-start=\"1771\" data-end=\"1814\">\n<p class=\"\" data-start=\"1773\" data-end=\"1814\"><strong data-start=\"1773\" data-end=\"1812\">Neapolitan fried pizza and focaccia<\/strong><\/p>\n<\/li>\n<li class=\"\" data-start=\"1815\" data-end=\"1841\">\n<p class=\"\" data-start=\"1817\" data-end=\"1841\"><strong data-start=\"1817\" data-end=\"1839\">Garden-fresh salad<\/strong><\/p>\n<\/li>\n<li class=\"\" data-start=\"1842\" data-end=\"1872\">\n<p class=\"\" data-start=\"1844\" data-end=\"1872\"><strong data-start=\"1844\" data-end=\"1870\">Danubios and cornettos<\/strong><\/p>\n<\/li>\n<li class=\"\" data-start=\"1873\" data-end=\"1921\">\n<p class=\"\" data-start=\"1875\" data-end=\"1921\"><strong data-start=\"1875\" data-end=\"1919\">Organic wine or a non-alcoholic beverage<\/strong><\/p>\n<\/li>\n<\/ul>\n<h3 data-start=\"1923\" data-end=\"1955\"><strong data-start=\"1927\" data-end=\"1953\">Additional Information<\/strong><\/h3>\n<p class=\"\" data-start=\"1957\" data-end=\"2104\">A minimum of <strong data-start=\"1970\" data-end=\"1989\">10 participants<\/strong> is required to carry out this experience. There is also the option to organize private events for closed groups.<\/p>\n<p class=\"\" data-start=\"2106\" data-end=\"2212\">Enjoy an experience that brings together trekking, tradition, and gastronomy in the heart of La Alpujarra.<\/p>\n<\/div>\n<\/div>\n<\/div>\n<\/div>\n<\/div>\n<\/div>\n<\/div>\n<\/div>\n<\/article>\n","protected":false},"excerpt":{"rendered":"<p>Trekking from Soport\u00fajar to \u00d3rgiva with a Final Tasting of Italian Artisanal Products This beautiful Alpujarras trekking route begins in Soport\u00fajar, known as  [&#8230;]<\/p>\n","protected":false},"featured_media":8669,"comment_status":"open","ping_status":"closed","template":"","meta":{"_acf_changed":false,"_mbp_gutenberg_autopost":false},"product_brand":[],"product_cat":[125,685,686],"product_tag":[642],"giftcard-category":[],"class_list":{"0":"post-9357","1":"product","2":"type-product","3":"status-publish","4":"has-post-thumbnail","6":"product_cat-active-ecotourism","7":"product_cat-trekking","8":"product_cat-trekking-wine-tasting","9":"product_tag-granada-en","10":"yith_shop_vendor-goinsitu-en","12":"first","13":"instock","14":"virtual","15":"sold-individually","16":"taxable","17":"purchasable","18":"product-type-booking"},"acf":[],"yoast_head":"<!-- This site is optimized with the Yoast SEO plugin v27.2 - https:\/\/yoast.com\/product\/yoast-seo-wordpress\/ -->\n<title>&quot;Enchanted Trekking&quot; and Local Products Tasting - GOinsitu<\/title>\n<meta name=\"description\" content=\"Trekking from Soport\u00fajar, the Witches&#039; Village, to \u00d3rgiva with a Final Tasting of Artisanal Italian Products at an Agroecological Farm.\" \/>\n<meta name=\"robots\" content=\"index, follow, max-snippet:-1, max-image-preview:large, max-video-preview:-1\" \/>\n<link rel=\"canonical\" href=\"https:\/\/goinsitu.com\/en\/active-ecotourism\/trekking\/trekking-wine-tasting\/ruta-trekking-soportujar-a-orgiva-foodtruck-experience\/\" \/>\n<meta property=\"og:locale\" content=\"en_US\" \/>\n<meta property=\"og:type\" content=\"article\" \/>\n<meta property=\"og:title\" content=\"&quot;Enchanted Trekking&quot; and Local Products Tasting - GOinsitu\" \/>\n<meta property=\"og:description\" content=\"Trekking from Soport\u00fajar, the Witches&#039; Village, to \u00d3rgiva with a Final Tasting of Artisanal Italian Products at an Agroecological Farm.\" \/>\n<meta property=\"og:url\" content=\"https:\/\/goinsitu.com\/en\/active-ecotourism\/trekking\/trekking-wine-tasting\/ruta-trekking-soportujar-a-orgiva-foodtruck-experience\/\" \/>\n<meta property=\"og:site_name\" content=\"GOinsitu\" \/>\n<meta property=\"article:modified_time\" content=\"2025-11-21T06:41:07+00:00\" \/>\n<meta property=\"og:image\" content=\"https:\/\/goinsitu.com\/wp-content\/uploads\/2022\/02\/Excursion-Alpujarra-scaled.jpg\" \/>\n\t<meta property=\"og:image:width\" content=\"1920\" \/>\n\t<meta property=\"og:image:height\" content=\"2560\" \/>\n\t<meta property=\"og:image:type\" content=\"image\/jpeg\" \/>\n<meta name=\"twitter:label1\" content=\"Est. reading time\" \/>\n\t<meta name=\"twitter:data1\" content=\"2 minutes\" \/>\n<script type=\"application\/ld+json\" class=\"yoast-schema-graph\">{\"@context\":\"https:\/\/schema.org\",\"@graph\":[{\"@type\":\"WebPage\",\"@id\":\"https:\/\/goinsitu.com\/en\/active-ecotourism\/trekking\/trekking-wine-tasting\/ruta-trekking-soportujar-a-orgiva-foodtruck-experience\/\",\"url\":\"https:\/\/goinsitu.com\/en\/active-ecotourism\/trekking\/trekking-wine-tasting\/ruta-trekking-soportujar-a-orgiva-foodtruck-experience\/\",\"name\":\"\\\"Enchanted Trekking\\\" and Local Products Tasting - GOinsitu\",\"isPartOf\":{\"@id\":\"https:\/\/goinsitu.com\/#website\"},\"primaryImageOfPage\":{\"@id\":\"https:\/\/goinsitu.com\/en\/active-ecotourism\/trekking\/trekking-wine-tasting\/ruta-trekking-soportujar-a-orgiva-foodtruck-experience\/#primaryimage\"},\"image\":{\"@id\":\"https:\/\/goinsitu.com\/en\/active-ecotourism\/trekking\/trekking-wine-tasting\/ruta-trekking-soportujar-a-orgiva-foodtruck-experience\/#primaryimage\"},\"thumbnailUrl\":\"https:\/\/goinsitu.com\/wp-content\/uploads\/2022\/02\/Excursion-Alpujarra-scaled.jpg\",\"datePublished\":\"2022-02-27T23:23:41+00:00\",\"dateModified\":\"2025-11-21T06:41:07+00:00\",\"description\":\"Trekking from Soport\u00fajar, the Witches' Village, to \u00d3rgiva with a Final Tasting of Artisanal Italian Products at an Agroecological Farm.\",\"breadcrumb\":{\"@id\":\"https:\/\/goinsitu.com\/en\/active-ecotourism\/trekking\/trekking-wine-tasting\/ruta-trekking-soportujar-a-orgiva-foodtruck-experience\/#breadcrumb\"},\"inLanguage\":\"en-US\",\"potentialAction\":[{\"@type\":\"ReadAction\",\"target\":[\"https:\/\/goinsitu.com\/en\/active-ecotourism\/trekking\/trekking-wine-tasting\/ruta-trekking-soportujar-a-orgiva-foodtruck-experience\/\"]}]},{\"@type\":\"ImageObject\",\"inLanguage\":\"en-US\",\"@id\":\"https:\/\/goinsitu.com\/en\/active-ecotourism\/trekking\/trekking-wine-tasting\/ruta-trekking-soportujar-a-orgiva-foodtruck-experience\/#primaryimage\",\"url\":\"https:\/\/goinsitu.com\/wp-content\/uploads\/2022\/02\/Excursion-Alpujarra-scaled.jpg\",\"contentUrl\":\"https:\/\/goinsitu.com\/wp-content\/uploads\/2022\/02\/Excursion-Alpujarra-scaled.jpg\",\"width\":1920,\"height\":2560,\"caption\":\"trekking\"},{\"@type\":\"BreadcrumbList\",\"@id\":\"https:\/\/goinsitu.com\/en\/active-ecotourism\/trekking\/trekking-wine-tasting\/ruta-trekking-soportujar-a-orgiva-foodtruck-experience\/#breadcrumb\",\"itemListElement\":[{\"@type\":\"ListItem\",\"position\":1,\"name\":\"Inicio\",\"item\":\"https:\/\/goinsitu.com\/en\/\"},{\"@type\":\"ListItem\",\"position\":2,\"name\":\"Experiences\",\"item\":\"https:\/\/goinsitu.com\/en\/experiences\/\"},{\"@type\":\"ListItem\",\"position\":3,\"name\":\"Ecoturismo en Andaluc\u00eda\",\"item\":\"https:\/\/goinsitu.com\/ecoturismo-activo-en-andalucia\/\"},{\"@type\":\"ListItem\",\"position\":4,\"name\":\"\u00abEnchanted Trekking\u00bb and Local Products Tasting\"}]},{\"@type\":\"WebSite\",\"@id\":\"https:\/\/goinsitu.com\/#website\",\"url\":\"https:\/\/goinsitu.com\/\",\"name\":\"GOinsitu \u2013 Agroturismo y Ecoturismo en Andaluc\u00eda\",\"description\":\"Agroturismo y Ecoturismo en Andaluc\u00eda\",\"publisher\":{\"@id\":\"https:\/\/goinsitu.com\/#organization\"},\"alternateName\":\"Goinsitu - Experiencias y productos rurales\",\"potentialAction\":[{\"@type\":\"SearchAction\",\"target\":{\"@type\":\"EntryPoint\",\"urlTemplate\":\"https:\/\/goinsitu.com\/?s={search_term_string}\"},\"query-input\":{\"@type\":\"PropertyValueSpecification\",\"valueRequired\":true,\"valueName\":\"search_term_string\"}}],\"inLanguage\":\"en-US\"},{\"@type\":\"Organization\",\"@id\":\"https:\/\/goinsitu.com\/#organization\",\"name\":\"GOinsitu - experience the roots\",\"url\":\"https:\/\/goinsitu.com\/\",\"logo\":{\"@type\":\"ImageObject\",\"inLanguage\":\"en-US\",\"@id\":\"https:\/\/goinsitu.com\/#\/schema\/logo\/image\/\",\"url\":\"https:\/\/goinsitu.com\/wp-content\/uploads\/2022\/01\/logo-social.jpg\",\"contentUrl\":\"https:\/\/goinsitu.com\/wp-content\/uploads\/2022\/01\/logo-social.jpg\",\"width\":288,\"height\":101,\"caption\":\"GOinsitu - experience the roots\"},\"image\":{\"@id\":\"https:\/\/goinsitu.com\/#\/schema\/logo\/image\/\"}}]}<\/script>\n<!-- \/ Yoast SEO plugin. -->","yoast_head_json":{"title":"\"Enchanted Trekking\" and Local Products Tasting - GOinsitu","description":"Trekking from Soport\u00fajar, the Witches' Village, to \u00d3rgiva with a Final Tasting of Artisanal Italian Products at an Agroecological Farm.","robots":{"index":"index","follow":"follow","max-snippet":"max-snippet:-1","max-image-preview":"max-image-preview:large","max-video-preview":"max-video-preview:-1"},"canonical":"https:\/\/goinsitu.com\/en\/active-ecotourism\/trekking\/trekking-wine-tasting\/ruta-trekking-soportujar-a-orgiva-foodtruck-experience\/","og_locale":"en_US","og_type":"article","og_title":"\"Enchanted Trekking\" and Local Products Tasting - GOinsitu","og_description":"Trekking from Soport\u00fajar, the Witches' Village, to \u00d3rgiva with a Final Tasting of Artisanal Italian Products at an Agroecological Farm.","og_url":"https:\/\/goinsitu.com\/en\/active-ecotourism\/trekking\/trekking-wine-tasting\/ruta-trekking-soportujar-a-orgiva-foodtruck-experience\/","og_site_name":"GOinsitu","article_modified_time":"2025-11-21T06:41:07+00:00","og_image":[{"width":1920,"height":2560,"url":"https:\/\/goinsitu.com\/wp-content\/uploads\/2022\/02\/Excursion-Alpujarra-scaled.jpg","type":"image\/jpeg"}],"twitter_misc":{"Est. reading time":"2 minutes"},"schema":{"@context":"https:\/\/schema.org","@graph":[{"@type":"WebPage","@id":"https:\/\/goinsitu.com\/en\/active-ecotourism\/trekking\/trekking-wine-tasting\/ruta-trekking-soportujar-a-orgiva-foodtruck-experience\/","url":"https:\/\/goinsitu.com\/en\/active-ecotourism\/trekking\/trekking-wine-tasting\/ruta-trekking-soportujar-a-orgiva-foodtruck-experience\/","name":"\"Enchanted Trekking\" and Local Products Tasting - GOinsitu","isPartOf":{"@id":"https:\/\/goinsitu.com\/#website"},"primaryImageOfPage":{"@id":"https:\/\/goinsitu.com\/en\/active-ecotourism\/trekking\/trekking-wine-tasting\/ruta-trekking-soportujar-a-orgiva-foodtruck-experience\/#primaryimage"},"image":{"@id":"https:\/\/goinsitu.com\/en\/active-ecotourism\/trekking\/trekking-wine-tasting\/ruta-trekking-soportujar-a-orgiva-foodtruck-experience\/#primaryimage"},"thumbnailUrl":"https:\/\/goinsitu.com\/wp-content\/uploads\/2022\/02\/Excursion-Alpujarra-scaled.jpg","datePublished":"2022-02-27T23:23:41+00:00","dateModified":"2025-11-21T06:41:07+00:00","description":"Trekking from Soport\u00fajar, the Witches' Village, to \u00d3rgiva with a Final Tasting of Artisanal Italian Products at an Agroecological Farm.","breadcrumb":{"@id":"https:\/\/goinsitu.com\/en\/active-ecotourism\/trekking\/trekking-wine-tasting\/ruta-trekking-soportujar-a-orgiva-foodtruck-experience\/#breadcrumb"},"inLanguage":"en-US","potentialAction":[{"@type":"ReadAction","target":["https:\/\/goinsitu.com\/en\/active-ecotourism\/trekking\/trekking-wine-tasting\/ruta-trekking-soportujar-a-orgiva-foodtruck-experience\/"]}]},{"@type":"ImageObject","inLanguage":"en-US","@id":"https:\/\/goinsitu.com\/en\/active-ecotourism\/trekking\/trekking-wine-tasting\/ruta-trekking-soportujar-a-orgiva-foodtruck-experience\/#primaryimage","url":"https:\/\/goinsitu.com\/wp-content\/uploads\/2022\/02\/Excursion-Alpujarra-scaled.jpg","contentUrl":"https:\/\/goinsitu.com\/wp-content\/uploads\/2022\/02\/Excursion-Alpujarra-scaled.jpg","width":1920,"height":2560,"caption":"trekking"},{"@type":"BreadcrumbList","@id":"https:\/\/goinsitu.com\/en\/active-ecotourism\/trekking\/trekking-wine-tasting\/ruta-trekking-soportujar-a-orgiva-foodtruck-experience\/#breadcrumb","itemListElement":[{"@type":"ListItem","position":1,"name":"Inicio","item":"https:\/\/goinsitu.com\/en\/"},{"@type":"ListItem","position":2,"name":"Experiences","item":"https:\/\/goinsitu.com\/en\/experiences\/"},{"@type":"ListItem","position":3,"name":"Ecoturismo en Andaluc\u00eda","item":"https:\/\/goinsitu.com\/ecoturismo-activo-en-andalucia\/"},{"@type":"ListItem","position":4,"name":"\u00abEnchanted Trekking\u00bb and Local Products Tasting"}]},{"@type":"WebSite","@id":"https:\/\/goinsitu.com\/#website","url":"https:\/\/goinsitu.com\/","name":"GOinsitu \u2013 Agroturismo y Ecoturismo en Andaluc\u00eda","description":"Agroturismo y Ecoturismo en Andaluc\u00eda","publisher":{"@id":"https:\/\/goinsitu.com\/#organization"},"alternateName":"Goinsitu - Experiencias y productos rurales","potentialAction":[{"@type":"SearchAction","target":{"@type":"EntryPoint","urlTemplate":"https:\/\/goinsitu.com\/?s={search_term_string}"},"query-input":{"@type":"PropertyValueSpecification","valueRequired":true,"valueName":"search_term_string"}}],"inLanguage":"en-US"},{"@type":"Organization","@id":"https:\/\/goinsitu.com\/#organization","name":"GOinsitu - experience the roots","url":"https:\/\/goinsitu.com\/","logo":{"@type":"ImageObject","inLanguage":"en-US","@id":"https:\/\/goinsitu.com\/#\/schema\/logo\/image\/","url":"https:\/\/goinsitu.com\/wp-content\/uploads\/2022\/01\/logo-social.jpg","contentUrl":"https:\/\/goinsitu.com\/wp-content\/uploads\/2022\/01\/logo-social.jpg","width":288,"height":101,"caption":"GOinsitu - experience the roots"},"image":{"@id":"https:\/\/goinsitu.com\/#\/schema\/logo\/image\/"}}]}},"_links":{"self":[{"href":"https:\/\/goinsitu.com\/en\/wp-json\/wp\/v2\/product\/9357","targetHints":{"allow":["GET"]}}],"collection":[{"href":"https:\/\/goinsitu.com\/en\/wp-json\/wp\/v2\/product"}],"about":[{"href":"https:\/\/goinsitu.com\/en\/wp-json\/wp\/v2\/types\/product"}],"replies":[{"embeddable":true,"href":"https:\/\/goinsitu.com\/en\/wp-json\/wp\/v2\/comments?post=9357"}],"wp:featuredmedia":[{"embeddable":true,"href":"https:\/\/goinsitu.com\/en\/wp-json\/wp\/v2\/media\/8669"}],"wp:attachment":[{"href":"https:\/\/goinsitu.com\/en\/wp-json\/wp\/v2\/media?parent=9357"}],"wp:term":[{"taxonomy":"product_brand","embeddable":true,"href":"https:\/\/goinsitu.com\/en\/wp-json\/wp\/v2\/product_brand?post=9357"},{"taxonomy":"product_cat","embeddable":true,"href":"https:\/\/goinsitu.com\/en\/wp-json\/wp\/v2\/product_cat?post=9357"},{"taxonomy":"product_tag","embeddable":true,"href":"https:\/\/goinsitu.com\/en\/wp-json\/wp\/v2\/product_tag?post=9357"},{"taxonomy":"giftcard-category","embeddable":true,"href":"https:\/\/goinsitu.com\/en\/wp-json\/wp\/v2\/giftcard-category?post=9357"}],"curies":[{"name":"wp","href":"https:\/\/api.w.org\/{rel}","templated":true}]}}